{"id":30958,"date":"2020-09-20T01:21:14","date_gmt":"2020-09-20T01:21:14","guid":{"rendered":"https:\/\/alcandre.com\/?page_id=30958"},"modified":"2024-02-02T16:15:36","modified_gmt":"2024-02-02T15:15:36","slug":"contact-us","status":"publish","type":"page","link":"https:\/\/alcandre.com\/en\/contact-us\/","title":{"rendered":"Contact"},"content":{"rendered":"<p>[et_pb_section fb_built=&#8221;1&#8243; use_custom_gutter=&#8221;on&#8221; gutter_width=&#8221;1&#8243; admin_label=&#8221;Header&#8221; _builder_version=&#8221;4.16&#8243; custom_padding=&#8221;0|0px|0|0px|false|false&#8221; global_colors_info=&#8221;{}&#8221;][et_pb_row column_structure=&#8221;1_2,1_2&#8243; use_custom_gutter=&#8221;on&#8221; gutter_width=&#8221;1&#8243; make_equal=&#8221;on&#8221; padding_top_bottom_link_1=&#8221;true&#8221; padding_top_bottom_link_2=&#8221;true&#8221; padding_left_right_link_2=&#8221;true&#8221; _builder_version=&#8221;4.16&#8243; width=&#8221;100%&#8221; max_width=&#8221;100%&#8221; custom_padding=&#8221;0|0px|0|0px|false|false&#8221; use_custom_width=&#8221;on&#8221; width_unit=&#8221;off&#8221; custom_width_percent=&#8221;100%&#8221; global_colors_info=&#8221;{}&#8221; use_background_color_gradient__hover=&#8221;off&#8221; use_background_color_gradient__hover_enabled=&#8221;off&#8221; background_color_gradient_start__hover=&#8221;#2b87da&#8221; background_color_gradient_start__hover_enabled=&#8221;#2b87da&#8221; background_color_gradient_end__hover=&#8221;#29c4a9&#8243; background_color_gradient_end__hover_enabled=&#8221;#29c4a9&#8243; background_color_gradient_type__hover=&#8221;linear&#8221; background_color_gradient_type__hover_enabled=&#8221;linear&#8221; background_color_gradient_direction__hover=&#8221;180deg&#8221; background_color_gradient_direction__hover_enabled=&#8221;180deg&#8221; background_color_gradient_direction_radial__hover=&#8221;center&#8221; background_color_gradient_direction_radial__hover_enabled=&#8221;center&#8221; background_color_gradient_start_position__hover=&#8221;0%&#8221; background_color_gradient_start_position__hover_enabled=&#8221;0%&#8221; background_color_gradient_end_position__hover=&#8221;100%&#8221; background_color_gradient_end_position__hover_enabled=&#8221;100%&#8221; background_color_gradient_overlays_image__hover=&#8221;off&#8221; background_color_gradient_overlays_image__hover_enabled=&#8221;off&#8221; parallax__hover=&#8221;off&#8221; parallax__hover_enabled=&#8221;off&#8221; parallax_method__hover=&#8221;on&#8221; parallax_method__hover_enabled=&#8221;on&#8221; background_size__hover=&#8221;cover&#8221; background_size__hover_enabled=&#8221;cover&#8221; background_position__hover=&#8221;center&#8221; background_position__hover_enabled=&#8221;center&#8221; background_repeat__hover=&#8221;no-repeat&#8221; background_repeat__hover_enabled=&#8221;no-repeat&#8221; background_blend__hover=&#8221;normal&#8221; background_blend__hover_enabled=&#8221;normal&#8221; allow_player_pause__hover=&#8221;off&#8221; allow_player_pause__hover_enabled=&#8221;off&#8221; background_video_pause_outside_viewport__hover=&#8221;on&#8221; background_video_pause_outside_viewport__hover_enabled=&#8221;on&#8221; background_color_gradient_stops__hover=&#8221;#2b87da 0%|#29c4a9 100%&#8221;][et_pb_column type=&#8221;1_2&#8243; _builder_version=&#8221;4.16&#8243; background_image=&#8221;https:\/\/alcandre.com\/wp-content\/uploads\/2020\/09\/contact.jpg&#8221; custom_padding=&#8221;|||&#8221; custom_padding_tablet=&#8221;|0px||&#8221; custom_padding_phone=&#8221;&#8221; custom_padding_last_edited=&#8221;on|desktop&#8221; global_colors_info=&#8221;{}&#8221; padding_tablet=&#8221;|0px||&#8221; padding_last_edited=&#8221;on|desktop&#8221; custom_padding__hover=&#8221;|||&#8221; padding_phone=&#8221;|0px||&#8221;][et_pb_divider show_divider=&#8221;off&#8221; disabled_on=&#8221;off|off|on&#8221; _builder_version=&#8221;4.16&#8243; height=&#8221;250px&#8221; global_colors_info=&#8221;{}&#8221;][\/et_pb_divider][\/et_pb_column][et_pb_column type=&#8221;1_2&#8243; _builder_version=&#8221;4.16&#8243; custom_padding=&#8221;6vw|3vw|6vw|3vw&#8221; global_colors_info=&#8221;{}&#8221; custom_padding__hover=&#8221;|||&#8221;][et_pb_text module_class=&#8221;title-border-bottom-03&#8243; _builder_version=&#8221;4.16&#8243; custom_margin=&#8221;||14px|||&#8221; global_colors_info=&#8221;{}&#8221;]<\/p>\n<h1>Contact<\/h1>\n<p>[\/et_pb_text][et_pb_text admin_label=&#8221;Text&#8221; _builder_version=&#8221;4.23.4&#8243; background_size=&#8221;initial&#8221; background_position=&#8221;top_left&#8221; background_repeat=&#8221;repeat&#8221; module_alignment=&#8221;left&#8221; custom_padding=&#8221;0px|||||&#8221; border_style=&#8221;solid&#8221; global_colors_info=&#8221;{}&#8221;]<\/p>\n<p><strong style=\"font-size: 14.5px;\">Cabinet ALCANDRE<br \/><\/strong><span style=\"font-size: 15px;\">104 avenue Albert 1er<br \/>92500 Rueil-Malmaison<br \/>France<\/span><\/p>\n<p><span style=\"font-size: 14.5px;\">Tel\u00a0: <\/span><strong style=\"font-size: 14.5px;\">+33 (0)1 47 08 09 12<br \/><\/strong><span style=\"font-size: 14.5px;\">Contact :<strong> ojg@alcandre.com<\/strong><\/span><span style=\"font-size: 14.5px;\">\u00a0<\/span><\/p>\n<p><span style=\"font-size: 14.5px;\">\u2026\u2026\u2026\u2026\u2026\u2026\u2026\u2026\u2026\u2026\u2026\u2026\u2026\u2026\u2026\u2026\u2026\u2026\u2026\u2026\u2026\u2026\u2026\u2026\u2026\u2026.<\/span><\/p>\n<p><strong>Direct RER A metro<\/strong> from Paris (<strong>13\u2019 from Paris\u2019 Charles de Gaulle station<\/strong>)<br \/>Rueil-Malmaison station (few meters from the train station)<\/p>\n<p><strong>Direct A86 motorway<\/strong> from Paris (<strong>30\u2019 from Paris\u2019 Charles de Gaulle airport<\/strong>)<\/p>\n<p><span style=\"font-weight: 400;\"><strong><\/strong><\/span><\/p>\n<p>[\/et_pb_text][et_pb_button button_url=&#8221;https:\/\/goo.gl\/maps\/id9THTvvNMAaxmng8&#8243; url_new_window=&#8221;on&#8221; button_text=&#8221;Find us here (see on the map)&#8221; _builder_version=&#8221;4.16&#8243; _module_preset=&#8221;default&#8221; global_colors_info=&#8221;{}&#8221;][\/et_pb_button][dsm_contact_form_7 _builder_version=&#8221;4.24.0&#8243; _module_preset=&#8221;default&#8221; cf7_library=&#8221;34548&#8243; hover_enabled=&#8221;0&#8243; sticky_enabled=&#8221;0&#8243; custom_button_one=&#8221;on&#8221; button_one_border_color=&#8221;RGBA(255,255,255,0)&#8221; button_one_bg_color=&#8221;#4E7C97&#8243; button_one_bg_enable_color=&#8221;on&#8221; button_one_text_color=&#8221;#FFFFFF&#8221;][\/dsm_contact_form_7][\/et_pb_column][\/et_pb_row][\/et_pb_section]<\/p>\n","protected":false},"excerpt":{"rendered":"<p>ContactCabinet ALCANDRE104 avenue Albert 1er92500 Rueil-MalmaisonFrance Tel\u00a0: +33 (0)1 47 08 09 12Contact : ojg@alcandre.com\u00a0 \u2026\u2026\u2026\u2026\u2026\u2026\u2026\u2026\u2026\u2026\u2026\u2026\u2026\u2026\u2026\u2026\u2026\u2026\u2026\u2026\u2026\u2026\u2026\u2026\u2026\u2026. Direct RER A metro from Paris (13\u2019 from Paris\u2019 Charles de Gaulle station)Rueil-Malmaison station (few meters from the train station) Direct A86 motorway from Paris (30\u2019 from Paris\u2019 Charles de Gaulle airport) <div class=\"et_pb_module dsm_contact_form_7 dsm_contact_form_7_0\">\n\t\t\t\t\n\t\t\t\t\n\t\t\t\t\n\t\t\t\t\n\t\t\t\t\n\t\t\t\t\n\t\t\t\t<div class=\"et_pb_module_inner\">\n\t\t\t\t\t<div class=\"\">\n\t\t\t\t\n<div class=\"wpcf7 no-js\" id=\"wpcf7-f34548-o1\" lang=\"fr-FR\" dir=\"ltr\" data-wpcf7-id=\"34548\">\n<div class=\"screen-reader-response\"><p role=\"status\" aria-live=\"polite\" aria-atomic=\"true\"><\/p> <ul><\/ul><\/div>\n<form action=\"\/en\/wp-json\/wp\/v2\/pages\/30958#wpcf7-f34548-o1\" method=\"post\" class=\"wpcf7-form init\" aria-label=\"Formulaire de contact\" enctype=\"multipart\/form-data\" novalidate=\"novalidate\" data-status=\"init\">\n<fieldset class=\"hidden-fields-container\"><input type=\"hidden\" name=\"_wpcf7\" value=\"34548\" \/><input type=\"hidden\" name=\"_wpcf7_version\" value=\"6.1.5\" \/><input type=\"hidden\" name=\"_wpcf7_locale\" value=\"fr_FR\" \/><input type=\"hidden\" name=\"_wpcf7_unit_tag\" value=\"wpcf7-f34548-o1\" \/><input type=\"hidden\" name=\"_wpcf7_container_post\" value=\"0\" \/><input type=\"hidden\" name=\"_wpcf7_posted_data_hash\" value=\"\" \/><input type=\"hidden\" name=\"redirect_nonce\" value=\"6bd525634f\" \/><input type=\"hidden\" name=\"wpcf7cfpdf_hidden_name\" value=\"document-pdf\" \/><input type=\"hidden\" name=\"wpcf7cfpdf_hidden_reference\" value=\"55e3de8b\" \/><input type=\"hidden\" name=\"wpcf7cfpdf_hidden_date\" value=\"30042026\" \/>\n<\/fieldset>\n<div class=\"wpcf7-turnstile cf-turnstile\" data-sitekey=\"0x4AAAAAACrqRd6wYiciGpQq\" data-response-field-name=\"_wpcf7_turnstile_response\"><\/div>\n\n<p><label>Nom<br \/>\n<span class=\"wpcf7-form-control-wrap\" data-name=\"your-name\"><input size=\"40\" maxlength=\"400\" class=\"wpcf7-form-control wpcf7-text wpcf7-validates-as-required\" autocomplete=\"name\" aria-required=\"true\" aria-invalid=\"false\" value=\"\" type=\"text\" name=\"your-name\" \/><\/span><\/label><br \/>\n<label>Pr\u00e9nom <span class=\"wpcf7-form-control-wrap\" data-name=\"your-surname\"><input size=\"40\" maxlength=\"400\" class=\"wpcf7-form-control wpcf7-text wpcf7-validates-as-required\" autocomplete=\"surname\" aria-required=\"true\" aria-invalid=\"false\" value=\"\" type=\"text\" name=\"your-surname\" \/><\/span><\/label><br \/>\n<label>Adresse email<br \/>\n<span class=\"wpcf7-form-control-wrap\" data-name=\"your-email\"><input size=\"40\" maxlength=\"400\" class=\"wpcf7-form-control wpcf7-email wpcf7-validates-as-required wpcf7-text wpcf7-validates-as-email\" aria-required=\"true\" aria-invalid=\"false\" value=\"\" type=\"email\" name=\"your-email\" \/><\/span><\/label><br \/>\n<label>Num\u00e9ro de t\u00e9l\u00e9phone<br \/>\n<span class=\"wpcf7-form-control-wrap\" data-name=\"your-phone\"><input size=\"40\" maxlength=\"400\" class=\"wpcf7-form-control wpcf7-tel wpcf7-validates-as-required wpcf7-text wpcf7-validates-as-tel\" aria-required=\"true\" aria-invalid=\"false\" value=\"\" type=\"tel\" name=\"your-phone\" \/><\/span><\/label><br \/>\n<label>Lien LinkedIn<br \/>\n<span class=\"wpcf7-form-control-wrap\" data-name=\"your-linkedin\"><input size=\"40\" maxlength=\"400\" class=\"wpcf7-form-control wpcf7-url wpcf7-text wpcf7-validates-as-url\" aria-invalid=\"false\" value=\"\" type=\"url\" name=\"your-linkedin\" \/><\/span><\/label><br \/>\n<label>Message<br \/>\n<span class=\"wpcf7-form-control-wrap\" data-name=\"your-message\"><textarea cols=\"40\" rows=\"10\" maxlength=\"2000\" class=\"wpcf7-form-control wpcf7-textarea wpcf7-validates-as-required\" aria-required=\"true\" aria-invalid=\"false\" placeholder=\"Veuillez pr\u00e9ciser ici clairement votre demande : demande d\u2019un rendez-vous, recherche d\u2019un emploi, invitation personnelle \u00e0 un \u00e9v\u00e9nement priv\u00e9 du jeudi matin (en pr\u00e9cisant les dates souhait\u00e9es pour cette invitation)\u2026\" name=\"your-message\"><\/textarea><\/span><\/label><br \/>\n<label>Appel T\u00e9l\u00e9phonique<br \/>\n<span class=\"wpcf7-form-control-wrap\" data-name=\"text-202\"><input size=\"40\" maxlength=\"400\" class=\"wpcf7-form-control wpcf7-text\" aria-invalid=\"false\" placeholder=\"Moment pr\u00e9f\u00e9rentiel pour recevoir notre appel t\u00e9l\u00e9phonique (jour et heure)\" value=\"\" type=\"text\" name=\"text-202\" \/><\/span><\/label><br \/>\n<label>T\u00e9l\u00e9charger votre CV<br \/>\n<span class=\"wpcf7-form-control-wrap\" data-name=\"your-cv\"><input size=\"40\" class=\"wpcf7-form-control wpcf7-file wpcf7-validates-as-required\" accept=\".doc,.pdf\" aria-required=\"true\" aria-invalid=\"false\" type=\"file\" name=\"your-cv\" \/><\/span><\/label><br \/>\n<span class=\"wpcf7-form-control-wrap\" data-name=\"quiz-341\"><label><span class=\"wpcf7-quiz-label\">1+1=?<\/span> <input size=\"40\" class=\"wpcf7-form-control wpcf7-quiz\" autocomplete=\"off\" aria-required=\"true\" aria-invalid=\"false\" type=\"text\" name=\"quiz-341\" \/><\/label><input type=\"hidden\" name=\"_wpcf7_quiz_answer_quiz-341\" value=\"81d80b27126a36705f4f1bfd27ce10d1\" \/><\/span>\n<\/p>\n<p><button class=\"wpcf7-form-control wpcf7-submit has-spinner et_pb_button et_pb_bg_layout_light\" type=\"submit\" value=\"Envoyer\">Envoyer<\/button>\n<\/p><div class=\"wpcf7-response-output\" aria-hidden=\"true\"><\/div>\n<\/form>\n<\/div>\n\n\t\t\t<\/div>\n\t\t\t\t<\/div>\n\t\t\t<\/div><\/p>\n","protected":false},"author":1,"featured_media":0,"parent":0,"menu_order":0,"comment_status":"closed","ping_status":"closed","template":"","meta":{"_seopress_robots_primary_cat":"","_seopress_titles_title":"","_seopress_titles_desc":"Searching for a job, fixing an appointment, needing to boost a career path\u2026, just contact directly ALCANDRE\u2019s management team for more explanations. ","_seopress_robots_index":"","_et_pb_use_builder":"on","_et_pb_old_content":"","_et_gb_content_width":"","inline_featured_image":false,"footnotes":""},"class_list":["post-30958","page","type-page","status-publish","hentry"],"_links":{"self":[{"href":"https:\/\/alcandre.com\/en\/wp-json\/wp\/v2\/pages\/30958","targetHints":{"allow":["GET"]}}],"collection":[{"href":"https:\/\/alcandre.com\/en\/wp-json\/wp\/v2\/pages"}],"about":[{"href":"https:\/\/alcandre.com\/en\/wp-json\/wp\/v2\/types\/page"}],"author":[{"embeddable":true,"href":"https:\/\/alcandre.com\/en\/wp-json\/wp\/v2\/users\/1"}],"replies":[{"embeddable":true,"href":"https:\/\/alcandre.com\/en\/wp-json\/wp\/v2\/comments?post=30958"}],"version-history":[{"count":0,"href":"https:\/\/alcandre.com\/en\/wp-json\/wp\/v2\/pages\/30958\/revisions"}],"wp:attachment":[{"href":"https:\/\/alcandre.com\/en\/wp-json\/wp\/v2\/media?parent=30958"}],"curies":[{"name":"wp","href":"https:\/\/api.w.org\/{rel}","templated":true}]}}